{"id":5205,"date":"2025-11-27T07:41:28","date_gmt":"2025-11-27T07:41:28","guid":{"rendered":"https:\/\/ditled.dk\/?post_type=product&#038;p=5205"},"modified":"2025-11-27T07:41:32","modified_gmt":"2025-11-27T07:41:32","slug":"tm260-6-sensorer","status":"publish","type":"product","link":"https:\/\/ditled.dk\/index.php\/product\/tm260-6-sensorer\/","title":{"rendered":"TM260 &#8211; 6 sensorer"},"content":{"rendered":"<p>S\u00e6ttet best\u00e5r af \u00a0display og 6 sensorer, der skrues p\u00e5 ventilen i stedet for ventilh\u00e6tten.<\/p>\n<p>M\u00e5ler op til 160 psi (11 bar) med en n\u00f8jagtighed p\u00e5 \u00b12 psi<\/p>\n<p>Displayet kan tilsluttes 12-24 volt\u00a0\u00a0eller kan benytte 2 stk. AA batterier (medf\u00f8lger).<\/p>\n<p>Sensorene benytter knap celle lithium batterier, der har kapacitet til 300-500 timers drift.<\/p>\n<p>Den kan udvides\u00a0op til 10 sensorer.<\/p>\n<p>&nbsp;<\/p>\n<p><strong>Produktvideo:<\/strong><\/p>\n<div style=\"width: 640px;\" class=\"wp-video\"><video class=\"wp-video-shortcode\" id=\"video-5205-1\" width=\"640\" height=\"360\" preload=\"metadata\" controls=\"controls\"><source type=\"video\/mp4\" src=\"https:\/\/jepotech.dk\/Video\/TM260.mp4?_=1\" \/><a href=\"https:\/\/jepotech.dk\/Video\/TM260.mp4\">https:\/\/jepotech.dk\/Video\/TM260.mp4<\/a><\/video><\/div>\n","protected":false},"excerpt":{"rendered":"<p>D\u00e6ktryks alarm til 6 hjul op til 160 psi \u00a0(11 bar)<\/p>\n<p>Velegnet til \u00a0landbrugs- og entrepren\u00f8rmaskiner og biler med trailer.<\/p>\n","protected":false},"featured_media":4326,"template":"","meta":[],"etheme_brands":[],"product_brand":[74],"product_cat":[181],"product_tag":[],"class_list":{"0":"post-5205","1":"product","2":"type-product","3":"status-publish","4":"has-post-thumbnail","6":"product_brand-tiremoni","7":"product_cat-daektryksmaalere","9":"first","10":"instock","11":"taxable","12":"shipping-taxable","13":"purchasable","14":"product-type-simple"},"_links":{"self":[{"href":"https:\/\/ditled.dk\/index.php\/wp-json\/wp\/v2\/product\/5205","targetHints":{"allow":["GET"]}}],"collection":[{"href":"https:\/\/ditled.dk\/index.php\/wp-json\/wp\/v2\/product"}],"about":[{"href":"https:\/\/ditled.dk\/index.php\/wp-json\/wp\/v2\/types\/product"}],"version-history":[{"count":1,"href":"https:\/\/ditled.dk\/index.php\/wp-json\/wp\/v2\/product\/5205\/revisions"}],"predecessor-version":[{"id":5235,"href":"https:\/\/ditled.dk\/index.php\/wp-json\/wp\/v2\/product\/5205\/revisions\/5235"}],"wp:featuredmedia":[{"embeddable":true,"href":"https:\/\/ditled.dk\/index.php\/wp-json\/wp\/v2\/media\/4326"}],"wp:attachment":[{"href":"https:\/\/ditled.dk\/index.php\/wp-json\/wp\/v2\/media?parent=5205"}],"wp:term":[{"taxonomy":"brand","embeddable":true,"href":"https:\/\/ditled.dk\/index.php\/wp-json\/wp\/v2\/etheme_brands?post=5205"},{"taxonomy":"product_brand","embeddable":true,"href":"https:\/\/ditled.dk\/index.php\/wp-json\/wp\/v2\/product_brand?post=5205"},{"taxonomy":"product_cat","embeddable":true,"href":"https:\/\/ditled.dk\/index.php\/wp-json\/wp\/v2\/product_cat?post=5205"},{"taxonomy":"product_tag","embeddable":true,"href":"https:\/\/ditled.dk\/index.php\/wp-json\/wp\/v2\/product_tag?post=5205"}],"curies":[{"name":"wp","href":"https:\/\/api.w.org\/{rel}","templated":true}]}}