{"id":5312,"date":"2025-11-27T07:41:48","date_gmt":"2025-11-27T07:41:48","guid":{"rendered":"https:\/\/ditled.dk\/?post_type=product&#038;p=5312"},"modified":"2025-11-27T07:41:52","modified_gmt":"2025-11-27T07:41:52","slug":"groen-1-meter-led-baand-120-dioder","status":"publish","type":"product","link":"https:\/\/ditled.dk\/index.php\/product\/groen-1-meter-led-baand-120-dioder\/","title":{"rendered":"Gr\u00f8n \u2013 1 meter LED B\u00e5nd 120 Dioder"},"content":{"rendered":"<p>LED B\u00e5nd med 120 dioder pr. meter<br \/>\nSMD3528 Chimei dioder<br \/>\nFarve:\u00a0Gr\u00f8n<br \/>\nFarvetemperatur 3000 \u2013 3200 K<br \/>\nVandt\u00e6t IP65 5 meter pr. rulle<br \/>\n12 Volt DC<br \/>\nForbrug 9,6W pr. meter ved fuld styrke.<\/p>\n<p>Ved k\u00f8b af hel rulle p\u00e5 5 meter er der str\u00f8mledning p\u00e5sat i den ene ende.<\/p>\n<p>Med 3M tape p\u00e5 bagsiden, s\u00e5 den kan limes fast. Det g\u00f8r montagen meget nem og hurtig.<\/p>\n","protected":false},"excerpt":{"rendered":"<p>LED B\u00e5nd med 120 dioder pr. meter<br \/>\nSMD3528 Chimei dioder<br \/>\nFarve:\u00a0Gr\u00f8n<\/p>\n","protected":false},"featured_media":4479,"template":"","meta":[],"etheme_brands":[],"product_brand":[],"product_cat":[216,213,191],"product_tag":[],"class_list":{"0":"post-5312","1":"product","2":"type-product","3":"status-publish","4":"has-post-thumbnail","6":"product_cat-groen","7":"product_cat-led-baand","8":"product_cat-led-belysning","10":"first","11":"instock","12":"taxable","13":"shipping-taxable","14":"purchasable","15":"product-type-simple"},"_links":{"self":[{"href":"https:\/\/ditled.dk\/index.php\/wp-json\/wp\/v2\/product\/5312","targetHints":{"allow":["GET"]}}],"collection":[{"href":"https:\/\/ditled.dk\/index.php\/wp-json\/wp\/v2\/product"}],"about":[{"href":"https:\/\/ditled.dk\/index.php\/wp-json\/wp\/v2\/types\/product"}],"version-history":[{"count":1,"href":"https:\/\/ditled.dk\/index.php\/wp-json\/wp\/v2\/product\/5312\/revisions"}],"predecessor-version":[{"id":5341,"href":"https:\/\/ditled.dk\/index.php\/wp-json\/wp\/v2\/product\/5312\/revisions\/5341"}],"wp:featuredmedia":[{"embeddable":true,"href":"https:\/\/ditled.dk\/index.php\/wp-json\/wp\/v2\/media\/4479"}],"wp:attachment":[{"href":"https:\/\/ditled.dk\/index.php\/wp-json\/wp\/v2\/media?parent=5312"}],"wp:term":[{"taxonomy":"brand","embeddable":true,"href":"https:\/\/ditled.dk\/index.php\/wp-json\/wp\/v2\/etheme_brands?post=5312"},{"taxonomy":"product_brand","embeddable":true,"href":"https:\/\/ditled.dk\/index.php\/wp-json\/wp\/v2\/product_brand?post=5312"},{"taxonomy":"product_cat","embeddable":true,"href":"https:\/\/ditled.dk\/index.php\/wp-json\/wp\/v2\/product_cat?post=5312"},{"taxonomy":"product_tag","embeddable":true,"href":"https:\/\/ditled.dk\/index.php\/wp-json\/wp\/v2\/product_tag?post=5312"}],"curies":[{"name":"wp","href":"https:\/\/api.w.org\/{rel}","templated":true}]}}