{"id":5317,"date":"2025-11-27T07:41:49","date_gmt":"2025-11-27T07:41:49","guid":{"rendered":"https:\/\/ditled.dk\/?post_type=product&#038;p=5317"},"modified":"2025-11-27T07:41:56","modified_gmt":"2025-11-27T07:41:56","slug":"valgfrit-farve-saet-600-dioder-controller","status":"publish","type":"product","link":"https:\/\/ditled.dk\/index.php\/product\/valgfrit-farve-saet-600-dioder-controller\/","title":{"rendered":"Valgfrit Farve S\u00e6t 600 Dioder + Controller"},"content":{"rendered":"<p>S\u00e6ttet indeholder:<\/p>\n<p>5 meter LED B\u00e5nd (valgfrit farve) Hvid, Bl\u00e5, R\u00f8d, Gr\u00f8n, Orange<br \/>\nController med fjernbetjening<\/p>\n<p>LED B\u00e5nd:<\/p>\n<p>LED B\u00e5nd med 120 dioder pr. meter i alt 600 dioder<br \/>\nSMD3528 Chimei dioder<br \/>\nFarvetemperatur 3000 \u2013 3200 K<br \/>\nVandt\u00e6t IP65 5 meter pr. rulle<br \/>\n12 Volt DC<\/p>\n<p>Med 3M tape p\u00e5 bagsiden, s\u00e5 den kan limes fast. Det g\u00f8r montagen meget nem og hurtig.<\/p>\n<p>Controller:<\/p>\n<p>Controler for LED strips en farve med fjernbetjening, med t\u00e6nd, sluk, op og ned i lysstyrke.<\/p>\n<p>Input 12 til 24 volt DC<\/p>\n","protected":false},"excerpt":{"rendered":"<p>S\u00e6ttet indeholder:<\/p>\n<p>5 meter LED B\u00e5nd (valgfrit farve)<br \/>\nController med fjernbetjening<\/p>\n","protected":false},"featured_media":4495,"template":"","meta":[],"etheme_brands":[],"product_brand":[],"product_cat":[218,213,191],"product_tag":[],"class_list":{"0":"post-5317","1":"product","2":"type-product","3":"status-publish","4":"has-post-thumbnail","6":"product_cat-komplet-saet","7":"product_cat-led-baand","8":"product_cat-led-belysning","10":"first","11":"instock","12":"taxable","13":"shipping-taxable","14":"purchasable","15":"product-type-variable"},"_links":{"self":[{"href":"https:\/\/ditled.dk\/index.php\/wp-json\/wp\/v2\/product\/5317","targetHints":{"allow":["GET"]}}],"collection":[{"href":"https:\/\/ditled.dk\/index.php\/wp-json\/wp\/v2\/product"}],"about":[{"href":"https:\/\/ditled.dk\/index.php\/wp-json\/wp\/v2\/types\/product"}],"version-history":[{"count":1,"href":"https:\/\/ditled.dk\/index.php\/wp-json\/wp\/v2\/product\/5317\/revisions"}],"predecessor-version":[{"id":5346,"href":"https:\/\/ditled.dk\/index.php\/wp-json\/wp\/v2\/product\/5317\/revisions\/5346"}],"wp:featuredmedia":[{"embeddable":true,"href":"https:\/\/ditled.dk\/index.php\/wp-json\/wp\/v2\/media\/4495"}],"wp:attachment":[{"href":"https:\/\/ditled.dk\/index.php\/wp-json\/wp\/v2\/media?parent=5317"}],"wp:term":[{"taxonomy":"brand","embeddable":true,"href":"https:\/\/ditled.dk\/index.php\/wp-json\/wp\/v2\/etheme_brands?post=5317"},{"taxonomy":"product_brand","embeddable":true,"href":"https:\/\/ditled.dk\/index.php\/wp-json\/wp\/v2\/product_brand?post=5317"},{"taxonomy":"product_cat","embeddable":true,"href":"https:\/\/ditled.dk\/index.php\/wp-json\/wp\/v2\/product_cat?post=5317"},{"taxonomy":"product_tag","embeddable":true,"href":"https:\/\/ditled.dk\/index.php\/wp-json\/wp\/v2\/product_tag?post=5317"}],"curies":[{"name":"wp","href":"https:\/\/api.w.org\/{rel}","templated":true}]}}