{"id":5358,"date":"2025-11-27T07:41:57","date_gmt":"2025-11-27T07:41:57","guid":{"rendered":"https:\/\/ditled.dk\/?post_type=product&#038;p=5358"},"modified":"2025-11-27T07:42:02","modified_gmt":"2025-11-27T07:42:02","slug":"led-panel-30-cm-varm-hvid","status":"publish","type":"product","link":"https:\/\/ditled.dk\/index.php\/product\/led-panel-30-cm-varm-hvid\/","title":{"rendered":"LED Panel 30 cm Varm Hvid"},"content":{"rendered":"","protected":false},"excerpt":{"rendered":"<p>LED PANEL 30 cm. I aluminium. 120 grader lysvinkel, 320 \u2013 360 lumen, der ca. svarer til ca. 30 W gl\u00f8dep\u00e6re. 12 volt og 4W forbrug. D\u00e6mpbar. Varm Hvid.<\/p>\n<p>Kan forl\u00e6nges.<\/p>\n","protected":false},"featured_media":4547,"template":"","meta":[],"etheme_brands":[],"product_brand":[],"product_cat":[221,191,220],"product_tag":[],"class_list":{"0":"post-5358","1":"product","2":"type-product","3":"status-publish","4":"has-post-thumbnail","6":"product_cat-30-cm","7":"product_cat-led-belysning","8":"product_cat-led-paneler","10":"first","11":"instock","12":"taxable","13":"shipping-taxable","14":"purchasable","15":"product-type-simple"},"_links":{"self":[{"href":"https:\/\/ditled.dk\/index.php\/wp-json\/wp\/v2\/product\/5358","targetHints":{"allow":["GET"]}}],"collection":[{"href":"https:\/\/ditled.dk\/index.php\/wp-json\/wp\/v2\/product"}],"about":[{"href":"https:\/\/ditled.dk\/index.php\/wp-json\/wp\/v2\/types\/product"}],"version-history":[{"count":1,"href":"https:\/\/ditled.dk\/index.php\/wp-json\/wp\/v2\/product\/5358\/revisions"}],"predecessor-version":[{"id":5388,"href":"https:\/\/ditled.dk\/index.php\/wp-json\/wp\/v2\/product\/5358\/revisions\/5388"}],"wp:featuredmedia":[{"embeddable":true,"href":"https:\/\/ditled.dk\/index.php\/wp-json\/wp\/v2\/media\/4547"}],"wp:attachment":[{"href":"https:\/\/ditled.dk\/index.php\/wp-json\/wp\/v2\/media?parent=5358"}],"wp:term":[{"taxonomy":"brand","embeddable":true,"href":"https:\/\/ditled.dk\/index.php\/wp-json\/wp\/v2\/etheme_brands?post=5358"},{"taxonomy":"product_brand","embeddable":true,"href":"https:\/\/ditled.dk\/index.php\/wp-json\/wp\/v2\/product_brand?post=5358"},{"taxonomy":"product_cat","embeddable":true,"href":"https:\/\/ditled.dk\/index.php\/wp-json\/wp\/v2\/product_cat?post=5358"},{"taxonomy":"product_tag","embeddable":true,"href":"https:\/\/ditled.dk\/index.php\/wp-json\/wp\/v2\/product_tag?post=5358"}],"curies":[{"name":"wp","href":"https:\/\/api.w.org\/{rel}","templated":true}]}}