{"id":5360,"date":"2025-11-27T07:41:58","date_gmt":"2025-11-27T07:41:58","guid":{"rendered":"https:\/\/ditled.dk\/?post_type=product&#038;p=5360"},"modified":"2025-11-27T07:42:03","modified_gmt":"2025-11-27T07:42:03","slug":"led-panel-50-cm-varm-hvid","status":"publish","type":"product","link":"https:\/\/ditled.dk\/index.php\/product\/led-panel-50-cm-varm-hvid\/","title":{"rendered":"LED Panel 50 cm Varm Hvid"},"content":{"rendered":"","protected":false},"excerpt":{"rendered":"<p>LED PANEL 50 cm. I aluminium. 120 grader lysvinkel, 480 \u2013 540 lumen, der ca. svarer til ca. 50 W gl\u00f8dep\u00e6re. 12 volt og 6W forbrug. D\u00e6mpbar. Varm Hvid.<\/p>\n<p>Kan forl\u00e6nges<\/p>\n","protected":false},"featured_media":4550,"template":"","meta":[],"etheme_brands":[],"product_brand":[],"product_cat":[222,191,220],"product_tag":[],"class_list":{"0":"post-5360","1":"product","2":"type-product","3":"status-publish","4":"has-post-thumbnail","6":"product_cat-50-cm","7":"product_cat-led-belysning","8":"product_cat-led-paneler","10":"first","11":"instock","12":"taxable","13":"shipping-taxable","14":"purchasable","15":"product-type-simple"},"_links":{"self":[{"href":"https:\/\/ditled.dk\/index.php\/wp-json\/wp\/v2\/product\/5360","targetHints":{"allow":["GET"]}}],"collection":[{"href":"https:\/\/ditled.dk\/index.php\/wp-json\/wp\/v2\/product"}],"about":[{"href":"https:\/\/ditled.dk\/index.php\/wp-json\/wp\/v2\/types\/product"}],"version-history":[{"count":1,"href":"https:\/\/ditled.dk\/index.php\/wp-json\/wp\/v2\/product\/5360\/revisions"}],"predecessor-version":[{"id":5390,"href":"https:\/\/ditled.dk\/index.php\/wp-json\/wp\/v2\/product\/5360\/revisions\/5390"}],"wp:featuredmedia":[{"embeddable":true,"href":"https:\/\/ditled.dk\/index.php\/wp-json\/wp\/v2\/media\/4550"}],"wp:attachment":[{"href":"https:\/\/ditled.dk\/index.php\/wp-json\/wp\/v2\/media?parent=5360"}],"wp:term":[{"taxonomy":"brand","embeddable":true,"href":"https:\/\/ditled.dk\/index.php\/wp-json\/wp\/v2\/etheme_brands?post=5360"},{"taxonomy":"product_brand","embeddable":true,"href":"https:\/\/ditled.dk\/index.php\/wp-json\/wp\/v2\/product_brand?post=5360"},{"taxonomy":"product_cat","embeddable":true,"href":"https:\/\/ditled.dk\/index.php\/wp-json\/wp\/v2\/product_cat?post=5360"},{"taxonomy":"product_tag","embeddable":true,"href":"https:\/\/ditled.dk\/index.php\/wp-json\/wp\/v2\/product_tag?post=5360"}],"curies":[{"name":"wp","href":"https:\/\/api.w.org\/{rel}","templated":true}]}}