{"id":5361,"date":"2025-11-27T07:41:58","date_gmt":"2025-11-27T07:41:58","guid":{"rendered":"https:\/\/ditled.dk\/?post_type=product&#038;p=5361"},"modified":"2025-11-27T07:42:03","modified_gmt":"2025-11-27T07:42:03","slug":"led-panel-60-cm-m-bevaegelsessensor","status":"publish","type":"product","link":"https:\/\/ditled.dk\/index.php\/product\/led-panel-60-cm-m-bevaegelsessensor\/","title":{"rendered":"LED Panel 60 cm m. Bev\u00e6gelsessensor"},"content":{"rendered":"<p>LED panel med bev\u00e6gelsessensor.<\/p>\n<p>120 Graders lysvinkel. 720 \u2013 800 lumen, der svarer til ca 70 \u2013 75 W alm. p\u00e6re. Varm hvid 2700 \u2013 2900 K. st\u00f8rrelse 60 x 18 x 0,8 cm.<\/p>\n<p>F\u00f8r blot h\u00e5nden eller foden t\u00e6t p\u00e5 panelet, s\u00e5 t\u00e6nder eller slukker det.<\/p>\n<p>12 Volt DC, forbrug ca. 8 Watt.<\/p>\n<p>&nbsp;<\/p>\n<p><strong>Produktvideo:<\/strong><\/p>\n<div style=\"width: 640px;\" class=\"wp-video\"><video class=\"wp-video-shortcode\" id=\"video-5361-1\" width=\"640\" height=\"360\" preload=\"metadata\" controls=\"controls\"><source type=\"video\/mp4\" src=\"https:\/\/jepotech.dk\/Video\/LEDPanel.mp4?_=1\" \/><a href=\"https:\/\/jepotech.dk\/Video\/LEDPanel.mp4\">https:\/\/jepotech.dk\/Video\/LEDPanel.mp4<\/a><\/video><\/div>\n","protected":false},"excerpt":{"rendered":"<p>LED panel med bev\u00e6gelsessensor.<\/p>\n","protected":false},"featured_media":4553,"template":"","meta":[],"etheme_brands":[],"product_brand":[],"product_cat":[223,191,220],"product_tag":[],"class_list":{"0":"post-5361","1":"product","2":"type-product","3":"status-publish","4":"has-post-thumbnail","6":"product_cat-bevaegelsessensor","7":"product_cat-led-belysning","8":"product_cat-led-paneler","10":"first","11":"instock","12":"taxable","13":"shipping-taxable","14":"purchasable","15":"product-type-simple"},"_links":{"self":[{"href":"https:\/\/ditled.dk\/index.php\/wp-json\/wp\/v2\/product\/5361","targetHints":{"allow":["GET"]}}],"collection":[{"href":"https:\/\/ditled.dk\/index.php\/wp-json\/wp\/v2\/product"}],"about":[{"href":"https:\/\/ditled.dk\/index.php\/wp-json\/wp\/v2\/types\/product"}],"version-history":[{"count":1,"href":"https:\/\/ditled.dk\/index.php\/wp-json\/wp\/v2\/product\/5361\/revisions"}],"predecessor-version":[{"id":5391,"href":"https:\/\/ditled.dk\/index.php\/wp-json\/wp\/v2\/product\/5361\/revisions\/5391"}],"wp:featuredmedia":[{"embeddable":true,"href":"https:\/\/ditled.dk\/index.php\/wp-json\/wp\/v2\/media\/4553"}],"wp:attachment":[{"href":"https:\/\/ditled.dk\/index.php\/wp-json\/wp\/v2\/media?parent=5361"}],"wp:term":[{"taxonomy":"brand","embeddable":true,"href":"https:\/\/ditled.dk\/index.php\/wp-json\/wp\/v2\/etheme_brands?post=5361"},{"taxonomy":"product_brand","embeddable":true,"href":"https:\/\/ditled.dk\/index.php\/wp-json\/wp\/v2\/product_brand?post=5361"},{"taxonomy":"product_cat","embeddable":true,"href":"https:\/\/ditled.dk\/index.php\/wp-json\/wp\/v2\/product_cat?post=5361"},{"taxonomy":"product_tag","embeddable":true,"href":"https:\/\/ditled.dk\/index.php\/wp-json\/wp\/v2\/product_tag?post=5361"}],"curies":[{"name":"wp","href":"https:\/\/api.w.org\/{rel}","templated":true}]}}