{"id":5362,"date":"2025-11-27T07:41:58","date_gmt":"2025-11-27T07:41:58","guid":{"rendered":"https:\/\/ditled.dk\/?post_type=product&#038;p=5362"},"modified":"2025-11-27T07:42:03","modified_gmt":"2025-11-27T07:42:03","slug":"led-spot-roer-laeselampe","status":"publish","type":"product","link":"https:\/\/ditled.dk\/index.php\/product\/led-spot-roer-laeselampe\/","title":{"rendered":"LED Spot R\u00f8r L\u00e6selampe"},"content":{"rendered":"<p>L\u00e6sespot lampe som er lavet i blank aluminium. Lampen er med 60graders lysvinkel.<\/p>\n<p>140 Lumen der ca. svarer til ca. 15 W halogen<br \/>\nMed t\u00e6nd\/sluk knap<br \/>\nFarve: Varm hvid \u2013 2700K<br \/>\n12 volt og 2W forbrug<br \/>\nForventet levetid 50.000 timer<\/p>\n","protected":false},"excerpt":{"rendered":"<div class=\"single-product-infos\">\n<div class=\"product_infos\">\n<div class=\"woocommerce-product-details__short-description\">\n<p>L\u00e6sespot lampe som er lavet i blank aluminium. Lampen er med 60graders lysvinkel.<\/p>\n<\/div>\n<\/div>\n<\/div>\n<div class=\"clearfix\"><\/div>\n<div class=\"summary-description\"><\/div>\n","protected":false},"featured_media":4555,"template":"","meta":[],"etheme_brands":[],"product_brand":[],"product_cat":[191,224],"product_tag":[],"class_list":{"0":"post-5362","1":"product","2":"type-product","3":"status-publish","4":"has-post-thumbnail","6":"product_cat-led-belysning","7":"product_cat-led-lamper","9":"first","10":"instock","11":"taxable","12":"shipping-taxable","13":"purchasable","14":"product-type-simple"},"_links":{"self":[{"href":"https:\/\/ditled.dk\/index.php\/wp-json\/wp\/v2\/product\/5362","targetHints":{"allow":["GET"]}}],"collection":[{"href":"https:\/\/ditled.dk\/index.php\/wp-json\/wp\/v2\/product"}],"about":[{"href":"https:\/\/ditled.dk\/index.php\/wp-json\/wp\/v2\/types\/product"}],"version-history":[{"count":1,"href":"https:\/\/ditled.dk\/index.php\/wp-json\/wp\/v2\/product\/5362\/revisions"}],"predecessor-version":[{"id":5392,"href":"https:\/\/ditled.dk\/index.php\/wp-json\/wp\/v2\/product\/5362\/revisions\/5392"}],"wp:featuredmedia":[{"embeddable":true,"href":"https:\/\/ditled.dk\/index.php\/wp-json\/wp\/v2\/media\/4555"}],"wp:attachment":[{"href":"https:\/\/ditled.dk\/index.php\/wp-json\/wp\/v2\/media?parent=5362"}],"wp:term":[{"taxonomy":"brand","embeddable":true,"href":"https:\/\/ditled.dk\/index.php\/wp-json\/wp\/v2\/etheme_brands?post=5362"},{"taxonomy":"product_brand","embeddable":true,"href":"https:\/\/ditled.dk\/index.php\/wp-json\/wp\/v2\/product_brand?post=5362"},{"taxonomy":"product_cat","embeddable":true,"href":"https:\/\/ditled.dk\/index.php\/wp-json\/wp\/v2\/product_cat?post=5362"},{"taxonomy":"product_tag","embeddable":true,"href":"https:\/\/ditled.dk\/index.php\/wp-json\/wp\/v2\/product_tag?post=5362"}],"curies":[{"name":"wp","href":"https:\/\/api.w.org\/{rel}","templated":true}]}}