{"id":5364,"date":"2025-11-27T07:41:58","date_gmt":"2025-11-27T07:41:58","guid":{"rendered":"https:\/\/ditled.dk\/?post_type=product&#038;p=5364"},"modified":"2025-11-27T07:42:03","modified_gmt":"2025-11-27T07:42:03","slug":"mini-laeselampe-flex","status":"publish","type":"product","link":"https:\/\/ditled.dk\/index.php\/product\/mini-laeselampe-flex\/","title":{"rendered":"Mini \u2013 L\u00e6selampe Flex"},"content":{"rendered":"<p>L\u00e6selampe med flexarm p\u00e5 30 cm. I blankt aluminium.<\/p>\n<p><u>Tekniske Specifikationer:<\/u><\/p>\n<p>60 grader lysvinkel<br \/>\n100 Lumen der ca. svarer til ca. 10 W halogen<br \/>\n1 stk. power LED i varm hvid, ca. 2700K<br \/>\nMed t\u00e6nd\/sluk knap<br \/>\n12 volt og 2W forbrug<br \/>\nForventet levetid 50.000 timer<\/p>\n","protected":false},"excerpt":{"rendered":"<div class=\"single-product-infos\">\n<div class=\"product_infos\">\n<div class=\"woocommerce-product-details__short-description\">\n<div class=\"single-product-infos\">\n<div class=\"product_infos\">\n<div class=\"woocommerce-product-details__short-description\">\n<div class=\"single-product-infos\">\n<div class=\"product_infos\">\n<div class=\"woocommerce-product-details__short-description\">\n<p>L\u00e6selampe med flexarm p\u00e5 30 cm. I blankt aluminium.<\/p>\n<\/div>\n<\/div>\n<\/div>\n<\/div>\n<\/div>\n<\/div>\n<\/div>\n<\/div>\n<\/div>\n","protected":false},"featured_media":4559,"template":"","meta":[],"etheme_brands":[],"product_brand":[],"product_cat":[191,224],"product_tag":[],"class_list":{"0":"post-5364","1":"product","2":"type-product","3":"status-publish","4":"has-post-thumbnail","6":"product_cat-led-belysning","7":"product_cat-led-lamper","9":"first","10":"instock","11":"taxable","12":"shipping-taxable","13":"purchasable","14":"product-type-simple"},"_links":{"self":[{"href":"https:\/\/ditled.dk\/index.php\/wp-json\/wp\/v2\/product\/5364","targetHints":{"allow":["GET"]}}],"collection":[{"href":"https:\/\/ditled.dk\/index.php\/wp-json\/wp\/v2\/product"}],"about":[{"href":"https:\/\/ditled.dk\/index.php\/wp-json\/wp\/v2\/types\/product"}],"version-history":[{"count":1,"href":"https:\/\/ditled.dk\/index.php\/wp-json\/wp\/v2\/product\/5364\/revisions"}],"predecessor-version":[{"id":5394,"href":"https:\/\/ditled.dk\/index.php\/wp-json\/wp\/v2\/product\/5364\/revisions\/5394"}],"wp:featuredmedia":[{"embeddable":true,"href":"https:\/\/ditled.dk\/index.php\/wp-json\/wp\/v2\/media\/4559"}],"wp:attachment":[{"href":"https:\/\/ditled.dk\/index.php\/wp-json\/wp\/v2\/media?parent=5364"}],"wp:term":[{"taxonomy":"brand","embeddable":true,"href":"https:\/\/ditled.dk\/index.php\/wp-json\/wp\/v2\/etheme_brands?post=5364"},{"taxonomy":"product_brand","embeddable":true,"href":"https:\/\/ditled.dk\/index.php\/wp-json\/wp\/v2\/product_brand?post=5364"},{"taxonomy":"product_cat","embeddable":true,"href":"https:\/\/ditled.dk\/index.php\/wp-json\/wp\/v2\/product_cat?post=5364"},{"taxonomy":"product_tag","embeddable":true,"href":"https:\/\/ditled.dk\/index.php\/wp-json\/wp\/v2\/product_tag?post=5364"}],"curies":[{"name":"wp","href":"https:\/\/api.w.org\/{rel}","templated":true}]}}