{"id":5381,"date":"2025-11-27T07:42:01","date_gmt":"2025-11-27T07:42:01","guid":{"rendered":"https:\/\/ditled.dk\/?post_type=product&#038;p=5381"},"modified":"2025-11-27T07:42:07","modified_gmt":"2025-11-27T07:42:07","slug":"pinol-12-led-37-mm","status":"publish","type":"product","link":"https:\/\/ditled.dk\/index.php\/product\/pinol-12-led-37-mm\/","title":{"rendered":"Pinol 12 LED 37 mm"},"content":{"rendered":"<p>12 volt DC forbrug 0,7 watt, monteret med 12 stk SDM dioder, monteret p\u00e5 4 sider.<\/p>\n<p><u>Tekniske specifikationer:<br \/>\n<\/u><br \/>\nEj d\u00e6mpbar<\/p>\n<p>Sokkeltype: Pinol 37 mm. Er polariseret.<br \/>\nBelysningsvinkel:\u00a0360 Grader<br \/>\nSvarer til 10 W gl\u00f8detr\u00e5ds p\u00e6re<br \/>\nTemperatur:\u00a04000 K,\u00a0 hvid<br \/>\nLevetid: Op til 30.000 timer<\/p>\n","protected":false},"excerpt":{"rendered":"<div class=\"woocommerce-product-details__short-description\">\n<div class=\"woocommerce-product-details__short-description\">\n<div class=\"woocommerce-product-details__short-description\">\n<div class=\"woocommerce-product-details__short-description\">\n<div class=\"woocommerce-product-details__short-description\">\n<div class=\"woocommerce-product-details__short-description\">\n<p>12 volt DC forbrug 0,7 watt, monteret med 12 stk SDM dioder, monteret p\u00e5 4 sider.<\/p>\n<\/div>\n<form class=\"cart\" action=\"https:\/\/jepotech.dk\/produkt\/pinol-12-led-37-mm\/\" enctype=\"multipart\/form-data\" method=\"post\"><\/form>\n<\/div>\n<form class=\"cart\" action=\"https:\/\/jepotech.dk\/produkt\/ba15s-polariseret\/\" enctype=\"multipart\/form-data\" method=\"post\"><\/form>\n<\/div>\n<form class=\"cart\" action=\"https:\/\/jepotech.dk\/produkt\/ba15s-polariseret-h\/\" enctype=\"multipart\/form-data\" method=\"post\"><\/form>\n<\/div>\n<form class=\"cart\" action=\"https:\/\/jepotech.dk\/produkt\/bay15d-hvid\/\" enctype=\"multipart\/form-data\" method=\"post\"><\/form>\n<\/div>\n<form class=\"cart\" action=\"https:\/\/jepotech.dk\/produkt\/bay15d-roed\/\" enctype=\"multipart\/form-data\" method=\"post\"><\/form>\n<\/div>\n","protected":false},"featured_media":4593,"template":"","meta":[],"etheme_brands":[],"product_brand":[],"product_cat":[226,232,191,238,239,240,241],"product_tag":[],"class_list":{"0":"post-5381","1":"product","2":"type-product","3":"status-publish","4":"has-post-thumbnail","6":"product_cat-led-autopaerer","7":"product_cat-led-baadpaerer","8":"product_cat-led-belysning","9":"product_cat-led-paerer","10":"product_cat-pinol-paerer","11":"product_cat-pinol-paerer-led-baadpaerer","12":"product_cat-pinol-paerer-led-autopaerer","14":"first","15":"instock","16":"taxable","17":"shipping-taxable","18":"purchasable","19":"product-type-simple"},"_links":{"self":[{"href":"https:\/\/ditled.dk\/index.php\/wp-json\/wp\/v2\/product\/5381","targetHints":{"allow":["GET"]}}],"collection":[{"href":"https:\/\/ditled.dk\/index.php\/wp-json\/wp\/v2\/product"}],"about":[{"href":"https:\/\/ditled.dk\/index.php\/wp-json\/wp\/v2\/types\/product"}],"version-history":[{"count":1,"href":"https:\/\/ditled.dk\/index.php\/wp-json\/wp\/v2\/product\/5381\/revisions"}],"predecessor-version":[{"id":5411,"href":"https:\/\/ditled.dk\/index.php\/wp-json\/wp\/v2\/product\/5381\/revisions\/5411"}],"wp:featuredmedia":[{"embeddable":true,"href":"https:\/\/ditled.dk\/index.php\/wp-json\/wp\/v2\/media\/4593"}],"wp:attachment":[{"href":"https:\/\/ditled.dk\/index.php\/wp-json\/wp\/v2\/media?parent=5381"}],"wp:term":[{"taxonomy":"brand","embeddable":true,"href":"https:\/\/ditled.dk\/index.php\/wp-json\/wp\/v2\/etheme_brands?post=5381"},{"taxonomy":"product_brand","embeddable":true,"href":"https:\/\/ditled.dk\/index.php\/wp-json\/wp\/v2\/product_brand?post=5381"},{"taxonomy":"product_cat","embeddable":true,"href":"https:\/\/ditled.dk\/index.php\/wp-json\/wp\/v2\/product_cat?post=5381"},{"taxonomy":"product_tag","embeddable":true,"href":"https:\/\/ditled.dk\/index.php\/wp-json\/wp\/v2\/product_tag?post=5381"}],"curies":[{"name":"wp","href":"https:\/\/api.w.org\/{rel}","templated":true}]}}