{"id":5382,"date":"2025-11-27T07:42:01","date_gmt":"2025-11-27T07:42:01","guid":{"rendered":"https:\/\/ditled.dk\/?post_type=product&#038;p=5382"},"modified":"2025-11-27T07:42:07","modified_gmt":"2025-11-27T07:42:07","slug":"pinol-24-led-43-mm","status":"publish","type":"product","link":"https:\/\/ditled.dk\/index.php\/product\/pinol-24-led-43-mm\/","title":{"rendered":"Pinol 24 LED 43 mm"},"content":{"rendered":"<p>9-30 volt DC. Forbrug 0,8 watt, monteret med 24 stk SDM dioder, monteret p\u00e5 4 sider.<\/p>\n<p><u>Tekniske specifikationer:<br \/>\n<\/u><br \/>\nEj d\u00e6mpbar<br \/>\nSokkeltype: Pinol 43 mm. Er polariseret.<br \/>\nBelysningsvinkel:\u00a0360 Grader<br \/>\nSvarer til\u00a08 W gl\u00f8detr\u00e5ds p\u00e6re<br \/>\nTemperatur:\u00a04000 K,\u00a0 hvid<br \/>\nLevetid: Op til 30.000 timer<\/p>\n","protected":false},"excerpt":{"rendered":"<div class=\"woocommerce-product-details__short-description\">\n<div class=\"woocommerce-product-details__short-description\">\n<div class=\"woocommerce-product-details__short-description\">\n<div class=\"woocommerce-product-details__short-description\">\n<div class=\"woocommerce-product-details__short-description\">\n<div class=\"woocommerce-product-details__short-description\">\n<div class=\"woocommerce-product-details__short-description\">\n<p>12 volt DC forbrug 0,8 watt, monteret med 12 stk SDM dioder, monteret p\u00e5 4 sider.<\/p>\n<\/div>\n<form class=\"cart\" action=\"https:\/\/jepotech.dk\/produkt\/pinol-12-led-43-mm\/\" enctype=\"multipart\/form-data\" method=\"post\"><\/form>\n<\/div>\n<form class=\"cart\" action=\"https:\/\/jepotech.dk\/produkt\/pinol-12-led-37-mm\/\" enctype=\"multipart\/form-data\" method=\"post\"><\/form>\n<\/div>\n<form class=\"cart\" action=\"https:\/\/jepotech.dk\/produkt\/ba15s-polariseret\/\" enctype=\"multipart\/form-data\" method=\"post\"><\/form>\n<\/div>\n<form class=\"cart\" action=\"https:\/\/jepotech.dk\/produkt\/ba15s-polariseret-h\/\" enctype=\"multipart\/form-data\" method=\"post\"><\/form>\n<\/div>\n<form class=\"cart\" action=\"https:\/\/jepotech.dk\/produkt\/bay15d-hvid\/\" enctype=\"multipart\/form-data\" method=\"post\"><\/form>\n<\/div>\n<form class=\"cart\" action=\"https:\/\/jepotech.dk\/produkt\/bay15d-roed\/\" enctype=\"multipart\/form-data\" method=\"post\"><\/form>\n<\/div>\n","protected":false},"featured_media":4595,"template":"","meta":[],"etheme_brands":[],"product_brand":[],"product_cat":[226,232,191,238,241,239,240],"product_tag":[],"class_list":{"0":"post-5382","1":"product","2":"type-product","3":"status-publish","4":"has-post-thumbnail","6":"product_cat-led-autopaerer","7":"product_cat-led-baadpaerer","8":"product_cat-led-belysning","9":"product_cat-led-paerer","10":"product_cat-pinol-paerer-led-autopaerer","11":"product_cat-pinol-paerer","12":"product_cat-pinol-paerer-led-baadpaerer","14":"first","15":"instock","16":"taxable","17":"shipping-taxable","18":"purchasable","19":"product-type-simple"},"_links":{"self":[{"href":"https:\/\/ditled.dk\/index.php\/wp-json\/wp\/v2\/product\/5382","targetHints":{"allow":["GET"]}}],"collection":[{"href":"https:\/\/ditled.dk\/index.php\/wp-json\/wp\/v2\/product"}],"about":[{"href":"https:\/\/ditled.dk\/index.php\/wp-json\/wp\/v2\/types\/product"}],"version-history":[{"count":1,"href":"https:\/\/ditled.dk\/index.php\/wp-json\/wp\/v2\/product\/5382\/revisions"}],"predecessor-version":[{"id":5412,"href":"https:\/\/ditled.dk\/index.php\/wp-json\/wp\/v2\/product\/5382\/revisions\/5412"}],"wp:featuredmedia":[{"embeddable":true,"href":"https:\/\/ditled.dk\/index.php\/wp-json\/wp\/v2\/media\/4595"}],"wp:attachment":[{"href":"https:\/\/ditled.dk\/index.php\/wp-json\/wp\/v2\/media?parent=5382"}],"wp:term":[{"taxonomy":"brand","embeddable":true,"href":"https:\/\/ditled.dk\/index.php\/wp-json\/wp\/v2\/etheme_brands?post=5382"},{"taxonomy":"product_brand","embeddable":true,"href":"https:\/\/ditled.dk\/index.php\/wp-json\/wp\/v2\/product_brand?post=5382"},{"taxonomy":"product_cat","embeddable":true,"href":"https:\/\/ditled.dk\/index.php\/wp-json\/wp\/v2\/product_cat?post=5382"},{"taxonomy":"product_tag","embeddable":true,"href":"https:\/\/ditled.dk\/index.php\/wp-json\/wp\/v2\/product_tag?post=5382"}],"curies":[{"name":"wp","href":"https:\/\/api.w.org\/{rel}","templated":true}]}}