{"id":5418,"date":"2025-11-27T07:42:08","date_gmt":"2025-11-27T07:42:08","guid":{"rendered":"https:\/\/ditled.dk\/?post_type=product&#038;p=5418"},"modified":"2025-11-27T07:42:12","modified_gmt":"2025-11-27T07:42:12","slug":"adaptersokkel-12v-e14-g4","status":"publish","type":"product","link":"https:\/\/ditled.dk\/index.php\/product\/adaptersokkel-12v-e14-g4\/","title":{"rendered":"Adaptersokkel 12V: E14 \u2013 G4"},"content":{"rendered":"<p>Special E14 til G4 adapter som typisk bruges i forbindelse med 12V LED ombygninger i campingvogne, b\u00e5de og k\u00f8ret\u00f8jer.<\/p>\n<p>Adapteren passer til f\u00f8lgende sokkeltyper:<\/p>\n<ul>\n<li>G4<\/li>\n<li>MR8<\/li>\n<li>MR11<\/li>\n<li>MR16<\/li>\n<\/ul>\n<p>BEM\u00c6RK: M\u00e5 ikke anvendes i boliger til 230 Volt<\/p>\n<p>L\u00e6ngde 40mm og st\u00f8rste diameter er 22mm.<\/p>\n","protected":false},"excerpt":{"rendered":"<p>Special E14 til G4 adapter som typisk bruges i forbindelse med 12V LED ombygninger i campingvogne, b\u00e5de og k\u00f8ret\u00f8jer.<\/p>\n","protected":false},"featured_media":4637,"template":"","meta":[],"etheme_brands":[],"product_brand":[],"product_cat":[191,238,246],"product_tag":[],"class_list":{"0":"post-5418","1":"product","2":"type-product","3":"status-publish","4":"has-post-thumbnail","6":"product_cat-led-belysning","7":"product_cat-led-paerer","8":"product_cat-tilbehoer-led-paerer","10":"first","11":"instock","12":"taxable","13":"shipping-taxable","14":"purchasable","15":"product-type-simple"},"_links":{"self":[{"href":"https:\/\/ditled.dk\/index.php\/wp-json\/wp\/v2\/product\/5418","targetHints":{"allow":["GET"]}}],"collection":[{"href":"https:\/\/ditled.dk\/index.php\/wp-json\/wp\/v2\/product"}],"about":[{"href":"https:\/\/ditled.dk\/index.php\/wp-json\/wp\/v2\/types\/product"}],"version-history":[{"count":1,"href":"https:\/\/ditled.dk\/index.php\/wp-json\/wp\/v2\/product\/5418\/revisions"}],"predecessor-version":[{"id":5448,"href":"https:\/\/ditled.dk\/index.php\/wp-json\/wp\/v2\/product\/5418\/revisions\/5448"}],"wp:featuredmedia":[{"embeddable":true,"href":"https:\/\/ditled.dk\/index.php\/wp-json\/wp\/v2\/media\/4637"}],"wp:attachment":[{"href":"https:\/\/ditled.dk\/index.php\/wp-json\/wp\/v2\/media?parent=5418"}],"wp:term":[{"taxonomy":"brand","embeddable":true,"href":"https:\/\/ditled.dk\/index.php\/wp-json\/wp\/v2\/etheme_brands?post=5418"},{"taxonomy":"product_brand","embeddable":true,"href":"https:\/\/ditled.dk\/index.php\/wp-json\/wp\/v2\/product_brand?post=5418"},{"taxonomy":"product_cat","embeddable":true,"href":"https:\/\/ditled.dk\/index.php\/wp-json\/wp\/v2\/product_cat?post=5418"},{"taxonomy":"product_tag","embeddable":true,"href":"https:\/\/ditled.dk\/index.php\/wp-json\/wp\/v2\/product_tag?post=5418"}],"curies":[{"name":"wp","href":"https:\/\/api.w.org\/{rel}","templated":true}]}}