{"id":5419,"date":"2025-11-27T07:42:09","date_gmt":"2025-11-27T07:42:09","guid":{"rendered":"https:\/\/ditled.dk\/?post_type=product&#038;p=5419"},"modified":"2025-11-27T07:42:13","modified_gmt":"2025-11-27T07:42:13","slug":"led-g4-flad-15-led-pin-paa-bagsiden-varm-hvid","status":"publish","type":"product","link":"https:\/\/ditled.dk\/index.php\/product\/led-g4-flad-15-led-pin-paa-bagsiden-varm-hvid\/","title":{"rendered":"LED G4 Flad 15 LED Pin p\u00e5 Bagsiden Varm Hvid"},"content":{"rendered":"<p>Flad spot p\u00e6re i en h\u00f8j kvalitet, monteret med 15 stk. Super bright med SMD5050 dioder<\/p>\n<p><u>Tekniske specifikationer:<br \/>\n<\/u><br \/>\nM\u00e5l: \u00d834 * 4mm (P\u00e5 midten er den total 10mm i h\u00f8jden)<br \/>\nForbrug: 1,5 W, AC 10-18\/ DC 12 V<br \/>\nSokkeltype: G4<br \/>\nBelysningsvinkel: 120 Grader<br \/>\nSvarer til 25W halogen p\u00e6re<br \/>\nFarvetemperatur: 2800 \u2013 3000 K (Varm hvid)<br \/>\nLevetid: Op til 40.000 timer<\/p>\n","protected":false},"excerpt":{"rendered":"<p>Flad spot p\u00e6re i en h\u00f8j kvalitet, monteret med 15 stk. Super bright med SMD5050 dioder<\/p>\n","protected":false},"featured_media":4639,"template":"","meta":[],"etheme_brands":[],"product_brand":[],"product_cat":[247,191,238],"product_tag":[],"class_list":{"0":"post-5419","1":"product","2":"type-product","3":"status-publish","4":"has-post-thumbnail","6":"product_cat-g4-led-paerer","7":"product_cat-led-belysning","8":"product_cat-led-paerer","10":"first","11":"instock","12":"taxable","13":"shipping-taxable","14":"purchasable","15":"product-type-simple"},"_links":{"self":[{"href":"https:\/\/ditled.dk\/index.php\/wp-json\/wp\/v2\/product\/5419","targetHints":{"allow":["GET"]}}],"collection":[{"href":"https:\/\/ditled.dk\/index.php\/wp-json\/wp\/v2\/product"}],"about":[{"href":"https:\/\/ditled.dk\/index.php\/wp-json\/wp\/v2\/types\/product"}],"version-history":[{"count":1,"href":"https:\/\/ditled.dk\/index.php\/wp-json\/wp\/v2\/product\/5419\/revisions"}],"predecessor-version":[{"id":5449,"href":"https:\/\/ditled.dk\/index.php\/wp-json\/wp\/v2\/product\/5419\/revisions\/5449"}],"wp:featuredmedia":[{"embeddable":true,"href":"https:\/\/ditled.dk\/index.php\/wp-json\/wp\/v2\/media\/4639"}],"wp:attachment":[{"href":"https:\/\/ditled.dk\/index.php\/wp-json\/wp\/v2\/media?parent=5419"}],"wp:term":[{"taxonomy":"brand","embeddable":true,"href":"https:\/\/ditled.dk\/index.php\/wp-json\/wp\/v2\/etheme_brands?post=5419"},{"taxonomy":"product_brand","embeddable":true,"href":"https:\/\/ditled.dk\/index.php\/wp-json\/wp\/v2\/product_brand?post=5419"},{"taxonomy":"product_cat","embeddable":true,"href":"https:\/\/ditled.dk\/index.php\/wp-json\/wp\/v2\/product_cat?post=5419"},{"taxonomy":"product_tag","embeddable":true,"href":"https:\/\/ditled.dk\/index.php\/wp-json\/wp\/v2\/product_tag?post=5419"}],"curies":[{"name":"wp","href":"https:\/\/api.w.org\/{rel}","templated":true}]}}