{"id":5420,"date":"2025-11-27T07:42:09","date_gmt":"2025-11-27T07:42:09","guid":{"rendered":"https:\/\/ditled.dk\/?post_type=product&#038;p=5420"},"modified":"2025-11-27T07:42:13","modified_gmt":"2025-11-27T07:42:13","slug":"g4-cob-28w-varm-hvid","status":"publish","type":"product","link":"https:\/\/ditled.dk\/index.php\/product\/g4-cob-28w-varm-hvid\/","title":{"rendered":"G4 COB 2,8W Varm Hvid"},"content":{"rendered":"<p>Cylindrisk spot p\u00e6re i en h\u00f8j kvalitet, monteret med 64 stk. SMD3014 dioder.<\/p>\n<p>St\u00f8bt i Silica glue<\/p>\n<p>M\u00e5l: \u00d815\u00d742 mm.<br \/>\nForbrug: 2,8 W, AC\/ DC 12 V.<br \/>\nBelysningsvinkel: 360 Grader.<br \/>\nFarvetemperatur: 2700 \u2013 2900 K.<br \/>\n200 Lumen.<b><br \/>\n<\/b>Svarer til en 20\u201425 W halogen.<\/p>\n","protected":false},"excerpt":{"rendered":"<p>Cylindrisk spot p\u00e6re i en h\u00f8j kvalitet, monteret med 64 stk. SMD3014 dioder.<\/p>\n<p>St\u00f8bt i Silica glue<\/p>\n","protected":false},"featured_media":4641,"template":"","meta":[],"etheme_brands":[],"product_brand":[],"product_cat":[247,191,238],"product_tag":[],"class_list":{"0":"post-5420","1":"product","2":"type-product","3":"status-publish","4":"has-post-thumbnail","6":"product_cat-g4-led-paerer","7":"product_cat-led-belysning","8":"product_cat-led-paerer","10":"first","11":"instock","12":"taxable","13":"shipping-taxable","14":"purchasable","15":"product-type-simple"},"_links":{"self":[{"href":"https:\/\/ditled.dk\/index.php\/wp-json\/wp\/v2\/product\/5420","targetHints":{"allow":["GET"]}}],"collection":[{"href":"https:\/\/ditled.dk\/index.php\/wp-json\/wp\/v2\/product"}],"about":[{"href":"https:\/\/ditled.dk\/index.php\/wp-json\/wp\/v2\/types\/product"}],"version-history":[{"count":1,"href":"https:\/\/ditled.dk\/index.php\/wp-json\/wp\/v2\/product\/5420\/revisions"}],"predecessor-version":[{"id":5450,"href":"https:\/\/ditled.dk\/index.php\/wp-json\/wp\/v2\/product\/5420\/revisions\/5450"}],"wp:featuredmedia":[{"embeddable":true,"href":"https:\/\/ditled.dk\/index.php\/wp-json\/wp\/v2\/media\/4641"}],"wp:attachment":[{"href":"https:\/\/ditled.dk\/index.php\/wp-json\/wp\/v2\/media?parent=5420"}],"wp:term":[{"taxonomy":"brand","embeddable":true,"href":"https:\/\/ditled.dk\/index.php\/wp-json\/wp\/v2\/etheme_brands?post=5420"},{"taxonomy":"product_brand","embeddable":true,"href":"https:\/\/ditled.dk\/index.php\/wp-json\/wp\/v2\/product_brand?post=5420"},{"taxonomy":"product_cat","embeddable":true,"href":"https:\/\/ditled.dk\/index.php\/wp-json\/wp\/v2\/product_cat?post=5420"},{"taxonomy":"product_tag","embeddable":true,"href":"https:\/\/ditled.dk\/index.php\/wp-json\/wp\/v2\/product_tag?post=5420"}],"curies":[{"name":"wp","href":"https:\/\/api.w.org\/{rel}","templated":true}]}}