{"id":5423,"date":"2025-11-27T07:42:09","date_gmt":"2025-11-27T07:42:09","guid":{"rendered":"https:\/\/ditled.dk\/?post_type=product&#038;p=5423"},"modified":"2025-11-27T07:42:13","modified_gmt":"2025-11-27T07:42:13","slug":"g4-cob-06w-varm-hvid","status":"publish","type":"product","link":"https:\/\/ditled.dk\/index.php\/product\/g4-cob-06w-varm-hvid\/","title":{"rendered":"G4 COB 0,6W Varm Hvid"},"content":{"rendered":"<p>Flad spot p\u00e6re i en h\u00f8j kvalitet, monteret med 1 stk. COB diode.<\/p>\n<p>Ny type p\u00e6re i h\u00f8jkvalitet, st\u00f8bt i Silica Glue<\/p>\n<p>M\u00e5l: \u00d810 * 31 mm.<br \/>\nForbrug: 0,6 W, \u00a0AC\/DC 12 V.<br \/>\nBelysningsvinkel: 360 Grader.<br \/>\nFarvetemperatur: 2700\u00a0\u2013 2900 K.<br \/>\nSvarer til en 5W halogen.<br \/>\n60 Lm.<\/p>\n","protected":false},"excerpt":{"rendered":"<p>Flad spot p\u00e6re i en h\u00f8j kvalitet, monteret med 1 stk. COB diode.<\/p>\n<p>St\u00f8bt i Silica glue<\/p>\n","protected":false},"featured_media":4647,"template":"","meta":[],"etheme_brands":[],"product_brand":[],"product_cat":[247,191,238],"product_tag":[],"class_list":{"0":"post-5423","1":"product","2":"type-product","3":"status-publish","4":"has-post-thumbnail","6":"product_cat-g4-led-paerer","7":"product_cat-led-belysning","8":"product_cat-led-paerer","10":"first","11":"instock","12":"taxable","13":"shipping-taxable","14":"purchasable","15":"product-type-simple"},"_links":{"self":[{"href":"https:\/\/ditled.dk\/index.php\/wp-json\/wp\/v2\/product\/5423","targetHints":{"allow":["GET"]}}],"collection":[{"href":"https:\/\/ditled.dk\/index.php\/wp-json\/wp\/v2\/product"}],"about":[{"href":"https:\/\/ditled.dk\/index.php\/wp-json\/wp\/v2\/types\/product"}],"version-history":[{"count":1,"href":"https:\/\/ditled.dk\/index.php\/wp-json\/wp\/v2\/product\/5423\/revisions"}],"predecessor-version":[{"id":5453,"href":"https:\/\/ditled.dk\/index.php\/wp-json\/wp\/v2\/product\/5423\/revisions\/5453"}],"wp:featuredmedia":[{"embeddable":true,"href":"https:\/\/ditled.dk\/index.php\/wp-json\/wp\/v2\/media\/4647"}],"wp:attachment":[{"href":"https:\/\/ditled.dk\/index.php\/wp-json\/wp\/v2\/media?parent=5423"}],"wp:term":[{"taxonomy":"brand","embeddable":true,"href":"https:\/\/ditled.dk\/index.php\/wp-json\/wp\/v2\/etheme_brands?post=5423"},{"taxonomy":"product_brand","embeddable":true,"href":"https:\/\/ditled.dk\/index.php\/wp-json\/wp\/v2\/product_brand?post=5423"},{"taxonomy":"product_cat","embeddable":true,"href":"https:\/\/ditled.dk\/index.php\/wp-json\/wp\/v2\/product_cat?post=5423"},{"taxonomy":"product_tag","embeddable":true,"href":"https:\/\/ditled.dk\/index.php\/wp-json\/wp\/v2\/product_tag?post=5423"}],"curies":[{"name":"wp","href":"https:\/\/api.w.org\/{rel}","templated":true}]}}