{"id":5426,"date":"2025-11-27T07:42:09","date_gmt":"2025-11-27T07:42:09","guid":{"rendered":"https:\/\/ditled.dk\/?post_type=product&#038;p=5426"},"modified":"2025-11-27T07:42:14","modified_gmt":"2025-11-27T07:42:14","slug":"bay15d-varm-hvid","status":"publish","type":"product","link":"https:\/\/ditled.dk\/index.php\/product\/bay15d-varm-hvid\/","title":{"rendered":"BAY15D Varm Hvid"},"content":{"rendered":"<p>Varm hvid<br \/>\n250 lummen<br \/>\nca. 25 CD eller 25 W gl\u00f8dep\u00e6rer.<\/p>\n<p>P\u00e6rer i en h\u00f8j kvalitet, monteret med 21 SMD5050 dioder<\/p>\n<p>M\u00e5l: \u00d820\u00d745 mm<br \/>\nForbrug: ca. 2,5W<br \/>\n10 \u2013 30 V DC<\/p>\n","protected":false},"excerpt":{"rendered":"<div class=\"woocommerce-product-details__short-description\">\n<p>P\u00e6re i en h\u00f8j kvalitet, monteret med 21 stk. SMD5050 dioder<\/p>\n<\/div>\n","protected":false},"featured_media":4653,"template":"","meta":[],"etheme_brands":[],"product_brand":[],"product_cat":[235,232,191],"product_tag":[],"class_list":{"0":"post-5426","1":"product","2":"type-product","3":"status-publish","4":"has-post-thumbnail","6":"product_cat-bay15d-led-baadpaerer","7":"product_cat-led-baadpaerer","8":"product_cat-led-belysning","10":"first","11":"instock","12":"taxable","13":"shipping-taxable","14":"purchasable","15":"product-type-simple"},"_links":{"self":[{"href":"https:\/\/ditled.dk\/index.php\/wp-json\/wp\/v2\/product\/5426","targetHints":{"allow":["GET"]}}],"collection":[{"href":"https:\/\/ditled.dk\/index.php\/wp-json\/wp\/v2\/product"}],"about":[{"href":"https:\/\/ditled.dk\/index.php\/wp-json\/wp\/v2\/types\/product"}],"version-history":[{"count":1,"href":"https:\/\/ditled.dk\/index.php\/wp-json\/wp\/v2\/product\/5426\/revisions"}],"predecessor-version":[{"id":5456,"href":"https:\/\/ditled.dk\/index.php\/wp-json\/wp\/v2\/product\/5426\/revisions\/5456"}],"wp:featuredmedia":[{"embeddable":true,"href":"https:\/\/ditled.dk\/index.php\/wp-json\/wp\/v2\/media\/4653"}],"wp:attachment":[{"href":"https:\/\/ditled.dk\/index.php\/wp-json\/wp\/v2\/media?parent=5426"}],"wp:term":[{"taxonomy":"brand","embeddable":true,"href":"https:\/\/ditled.dk\/index.php\/wp-json\/wp\/v2\/etheme_brands?post=5426"},{"taxonomy":"product_brand","embeddable":true,"href":"https:\/\/ditled.dk\/index.php\/wp-json\/wp\/v2\/product_brand?post=5426"},{"taxonomy":"product_cat","embeddable":true,"href":"https:\/\/ditled.dk\/index.php\/wp-json\/wp\/v2\/product_cat?post=5426"},{"taxonomy":"product_tag","embeddable":true,"href":"https:\/\/ditled.dk\/index.php\/wp-json\/wp\/v2\/product_tag?post=5426"}],"curies":[{"name":"wp","href":"https:\/\/api.w.org\/{rel}","templated":true}]}}