{"id":5427,"date":"2025-11-27T07:42:10","date_gmt":"2025-11-27T07:42:10","guid":{"rendered":"https:\/\/ditled.dk\/?post_type=product&#038;p=5427"},"modified":"2025-11-27T07:42:14","modified_gmt":"2025-11-27T07:42:14","slug":"bay15d-varm-hvid-2","status":"publish","type":"product","link":"https:\/\/ditled.dk\/index.php\/product\/bay15d-varm-hvid-2\/","title":{"rendered":"BAY15D Varm Hvid"},"content":{"rendered":"<p>BAY15D\u00a0Varm Hvid<br \/>\n100 Lumen\/ ca. 10 Cd<br \/>\nSvarer til en 10 W gl\u00f8dep\u00e6re<\/p>\n<p>Til r\u00f8d\/gr\u00f8nne lanterner<\/p>\n<p>P\u00e6re i en h\u00f8j kvalitet, monteret med 8 stk. SMD5050 dioder<\/p>\n<p>M\u00e5l: \u00d820\u00d740 mm<br \/>\nForbrug: ca. 1 W,\u00a010 \u2013 30 V\u00a0DC<br \/>\nIkke polariseret<\/p>\n","protected":false},"excerpt":{"rendered":"<div class=\"woocommerce-product-details__short-description\">\n<div class=\"woocommerce-product-details__short-description\">\n<p>P\u00e6re i en h\u00f8j kvalitet, monteret med 8 stk. SMD5050 dioder<\/p>\n<\/div>\n<form class=\"cart\" action=\"https:\/\/jepotech.dk\/produkt\/bay15d-varm-hvid\/\" enctype=\"multipart\/form-data\" method=\"post\"><\/form>\n<\/div>\n","protected":false},"featured_media":4655,"template":"","meta":[],"etheme_brands":[],"product_brand":[],"product_cat":[235,249,232,191],"product_tag":[],"class_list":{"0":"post-5427","1":"product","2":"type-product","3":"status-publish","4":"has-post-thumbnail","6":"product_cat-bay15d-led-baadpaerer","7":"product_cat-lanterne-paerer","8":"product_cat-led-baadpaerer","9":"product_cat-led-belysning","11":"first","12":"instock","13":"taxable","14":"shipping-taxable","15":"purchasable","16":"product-type-simple"},"_links":{"self":[{"href":"https:\/\/ditled.dk\/index.php\/wp-json\/wp\/v2\/product\/5427","targetHints":{"allow":["GET"]}}],"collection":[{"href":"https:\/\/ditled.dk\/index.php\/wp-json\/wp\/v2\/product"}],"about":[{"href":"https:\/\/ditled.dk\/index.php\/wp-json\/wp\/v2\/types\/product"}],"version-history":[{"count":1,"href":"https:\/\/ditled.dk\/index.php\/wp-json\/wp\/v2\/product\/5427\/revisions"}],"predecessor-version":[{"id":5457,"href":"https:\/\/ditled.dk\/index.php\/wp-json\/wp\/v2\/product\/5427\/revisions\/5457"}],"wp:featuredmedia":[{"embeddable":true,"href":"https:\/\/ditled.dk\/index.php\/wp-json\/wp\/v2\/media\/4655"}],"wp:attachment":[{"href":"https:\/\/ditled.dk\/index.php\/wp-json\/wp\/v2\/media?parent=5427"}],"wp:term":[{"taxonomy":"brand","embeddable":true,"href":"https:\/\/ditled.dk\/index.php\/wp-json\/wp\/v2\/etheme_brands?post=5427"},{"taxonomy":"product_brand","embeddable":true,"href":"https:\/\/ditled.dk\/index.php\/wp-json\/wp\/v2\/product_brand?post=5427"},{"taxonomy":"product_cat","embeddable":true,"href":"https:\/\/ditled.dk\/index.php\/wp-json\/wp\/v2\/product_cat?post=5427"},{"taxonomy":"product_tag","embeddable":true,"href":"https:\/\/ditled.dk\/index.php\/wp-json\/wp\/v2\/product_tag?post=5427"}],"curies":[{"name":"wp","href":"https:\/\/api.w.org\/{rel}","templated":true}]}}