{"id":5438,"date":"2025-11-27T07:42:11","date_gmt":"2025-11-27T07:42:11","guid":{"rendered":"https:\/\/ditled.dk\/?post_type=product&#038;p=5438"},"modified":"2025-11-27T07:42:17","modified_gmt":"2025-11-27T07:42:17","slug":"stm572-smart-daektryksmaalere","status":"publish","type":"product","link":"https:\/\/ditled.dk\/index.php\/product\/stm572-smart-daektryksmaalere\/","title":{"rendered":"STM572 Smart D\u00e6ktryksm\u00e5lere"},"content":{"rendered":"<p>Dongel for transmision fra sensorer og til smartphone.\u00a0 Sensorer der skrues direkte p\u00e5 ventilen i stedet for ventilh\u00e6tten. Virker i omr\u00e5det op til 160 psi (11 bar), N\u00f8jagtighed 2 psi (0,14 bar) Anvendelse: campingvogn\/trailer<\/p>\n<p>&nbsp;<\/p>\n","protected":false},"excerpt":{"rendered":"<p>Dongel for transmision fra sensorer og til smartphone.<\/p>\n","protected":false},"featured_media":4686,"template":"","meta":[],"etheme_brands":[],"product_brand":[74],"product_cat":[181,255],"product_tag":[],"class_list":{"0":"post-5438","1":"product","2":"type-product","3":"status-publish","4":"has-post-thumbnail","6":"product_brand-tiremoni","7":"product_cat-daektryksmaalere","8":"product_cat-smartphone-tpms","10":"first","11":"instock","12":"taxable","13":"shipping-taxable","14":"purchasable","15":"product-type-variable"},"_links":{"self":[{"href":"https:\/\/ditled.dk\/index.php\/wp-json\/wp\/v2\/product\/5438","targetHints":{"allow":["GET"]}}],"collection":[{"href":"https:\/\/ditled.dk\/index.php\/wp-json\/wp\/v2\/product"}],"about":[{"href":"https:\/\/ditled.dk\/index.php\/wp-json\/wp\/v2\/types\/product"}],"version-history":[{"count":1,"href":"https:\/\/ditled.dk\/index.php\/wp-json\/wp\/v2\/product\/5438\/revisions"}],"predecessor-version":[{"id":5468,"href":"https:\/\/ditled.dk\/index.php\/wp-json\/wp\/v2\/product\/5438\/revisions\/5468"}],"wp:featuredmedia":[{"embeddable":true,"href":"https:\/\/ditled.dk\/index.php\/wp-json\/wp\/v2\/media\/4686"}],"wp:attachment":[{"href":"https:\/\/ditled.dk\/index.php\/wp-json\/wp\/v2\/media?parent=5438"}],"wp:term":[{"taxonomy":"brand","embeddable":true,"href":"https:\/\/ditled.dk\/index.php\/wp-json\/wp\/v2\/etheme_brands?post=5438"},{"taxonomy":"product_brand","embeddable":true,"href":"https:\/\/ditled.dk\/index.php\/wp-json\/wp\/v2\/product_brand?post=5438"},{"taxonomy":"product_cat","embeddable":true,"href":"https:\/\/ditled.dk\/index.php\/wp-json\/wp\/v2\/product_cat?post=5438"},{"taxonomy":"product_tag","embeddable":true,"href":"https:\/\/ditled.dk\/index.php\/wp-json\/wp\/v2\/product_tag?post=5438"}],"curies":[{"name":"wp","href":"https:\/\/api.w.org\/{rel}","templated":true}]}}