{"id":5695,"date":"2025-11-27T07:43:00","date_gmt":"2025-11-27T07:43:00","guid":{"rendered":"https:\/\/ditled.dk\/?post_type=product&#038;p=5695"},"modified":"2025-11-27T07:43:02","modified_gmt":"2025-11-27T07:43:02","slug":"traadloes-haandmixer-med-2-pisker","status":"publish","type":"product","link":"https:\/\/ditled.dk\/index.php\/product\/traadloes-haandmixer-med-2-pisker\/","title":{"rendered":"Tr\u00e5dl\u00f8s h\u00e5ndmixer med 2 pisker"},"content":{"rendered":"<p>Batteritype: 1500mAh<br \/>\nLadesp\u00e6nding: 5V<br \/>\nLadestr\u00f8m: 300mA<br \/>\nUSB-C Opladning<\/p>\n<p><em>Inkl. holder til mixeren<\/em><\/p>\n<p>&nbsp;<\/p>\n","protected":false},"excerpt":{"rendered":"<p>Batteritype: 1500mAh Ladesp\u00e6nding: 5V Ladestr\u00f8m: 300mA USB-C Opladning Inkl. holder til mixeren &nbsp;<\/p>\n","protected":false},"featured_media":5040,"template":"","meta":[],"etheme_brands":[],"product_brand":[],"product_cat":[285,284,286],"product_tag":[],"class_list":{"0":"post-5695","1":"product","2":"type-product","3":"status-publish","4":"has-post-thumbnail","6":"product_cat-batteri-koekkenmaskiner","7":"product_cat-camping-outdoor","8":"product_cat-mixer","10":"first","11":"instock","12":"taxable","13":"shipping-taxable","14":"purchasable","15":"product-type-simple"},"_links":{"self":[{"href":"https:\/\/ditled.dk\/index.php\/wp-json\/wp\/v2\/product\/5695","targetHints":{"allow":["GET"]}}],"collection":[{"href":"https:\/\/ditled.dk\/index.php\/wp-json\/wp\/v2\/product"}],"about":[{"href":"https:\/\/ditled.dk\/index.php\/wp-json\/wp\/v2\/types\/product"}],"version-history":[{"count":1,"href":"https:\/\/ditled.dk\/index.php\/wp-json\/wp\/v2\/product\/5695\/revisions"}],"predecessor-version":[{"id":5704,"href":"https:\/\/ditled.dk\/index.php\/wp-json\/wp\/v2\/product\/5695\/revisions\/5704"}],"wp:featuredmedia":[{"embeddable":true,"href":"https:\/\/ditled.dk\/index.php\/wp-json\/wp\/v2\/media\/5040"}],"wp:attachment":[{"href":"https:\/\/ditled.dk\/index.php\/wp-json\/wp\/v2\/media?parent=5695"}],"wp:term":[{"taxonomy":"brand","embeddable":true,"href":"https:\/\/ditled.dk\/index.php\/wp-json\/wp\/v2\/etheme_brands?post=5695"},{"taxonomy":"product_brand","embeddable":true,"href":"https:\/\/ditled.dk\/index.php\/wp-json\/wp\/v2\/product_brand?post=5695"},{"taxonomy":"product_cat","embeddable":true,"href":"https:\/\/ditled.dk\/index.php\/wp-json\/wp\/v2\/product_cat?post=5695"},{"taxonomy":"product_tag","embeddable":true,"href":"https:\/\/ditled.dk\/index.php\/wp-json\/wp\/v2\/product_tag?post=5695"}],"curies":[{"name":"wp","href":"https:\/\/api.w.org\/{rel}","templated":true}]}}