{"id":5696,"date":"2025-11-27T07:43:00","date_gmt":"2025-11-27T07:43:00","guid":{"rendered":"https:\/\/ditled.dk\/?post_type=product&#038;p=5696"},"modified":"2025-11-27T07:43:02","modified_gmt":"2025-11-27T07:43:02","slug":"led-paere-ba15s-9-smd-ww-50-lumen-5w","status":"publish","type":"product","link":"https:\/\/ditled.dk\/index.php\/product\/led-paere-ba15s-9-smd-ww-50-lumen-5w\/","title":{"rendered":"LED p\u00e6re BA15S 9 SMD WW 50 lumen (5W)"},"content":{"rendered":"<p>50 Lumen m\u00e5l: \u00d818 x 34 mm, Forbrug: 1,4 W, 10-30V DC Belysningsvinkel: 360 Grader.<br \/>\nLyser som en 5 W gl\u00f8dep\u00e6re. Varm Hvid<\/p>\n","protected":false},"excerpt":{"rendered":"<p>50 Lumen m\u00e5l: \u00d818 x 34 mm, Forbrug: 1,4 W, 10-30V DC Belysningsvinkel: 360 Grader. Lyser som en 5 W gl\u00f8dep\u00e6re. Varm Hvid<\/p>\n","protected":false},"featured_media":5045,"template":"","meta":[],"etheme_brands":[],"product_brand":[],"product_cat":[236,250,226,232,191],"product_tag":[],"class_list":{"0":"post-5696","1":"product","2":"type-product","3":"status-publish","4":"has-post-thumbnail","6":"product_cat-ba15s","7":"product_cat-ba15s-led-baadpaerer","8":"product_cat-led-autopaerer","9":"product_cat-led-baadpaerer","10":"product_cat-led-belysning","12":"first","13":"instock","14":"taxable","15":"shipping-taxable","16":"purchasable","17":"product-type-simple"},"_links":{"self":[{"href":"https:\/\/ditled.dk\/index.php\/wp-json\/wp\/v2\/product\/5696","targetHints":{"allow":["GET"]}}],"collection":[{"href":"https:\/\/ditled.dk\/index.php\/wp-json\/wp\/v2\/product"}],"about":[{"href":"https:\/\/ditled.dk\/index.php\/wp-json\/wp\/v2\/types\/product"}],"version-history":[{"count":1,"href":"https:\/\/ditled.dk\/index.php\/wp-json\/wp\/v2\/product\/5696\/revisions"}],"predecessor-version":[{"id":5705,"href":"https:\/\/ditled.dk\/index.php\/wp-json\/wp\/v2\/product\/5696\/revisions\/5705"}],"wp:featuredmedia":[{"embeddable":true,"href":"https:\/\/ditled.dk\/index.php\/wp-json\/wp\/v2\/media\/5045"}],"wp:attachment":[{"href":"https:\/\/ditled.dk\/index.php\/wp-json\/wp\/v2\/media?parent=5696"}],"wp:term":[{"taxonomy":"brand","embeddable":true,"href":"https:\/\/ditled.dk\/index.php\/wp-json\/wp\/v2\/etheme_brands?post=5696"},{"taxonomy":"product_brand","embeddable":true,"href":"https:\/\/ditled.dk\/index.php\/wp-json\/wp\/v2\/product_brand?post=5696"},{"taxonomy":"product_cat","embeddable":true,"href":"https:\/\/ditled.dk\/index.php\/wp-json\/wp\/v2\/product_cat?post=5696"},{"taxonomy":"product_tag","embeddable":true,"href":"https:\/\/ditled.dk\/index.php\/wp-json\/wp\/v2\/product_tag?post=5696"}],"curies":[{"name":"wp","href":"https:\/\/api.w.org\/{rel}","templated":true}]}}