{"id":5701,"date":"2025-11-27T07:43:01","date_gmt":"2025-11-27T07:43:01","guid":{"rendered":"https:\/\/ditled.dk\/?post_type=product&#038;p=5701"},"modified":"2025-11-27T07:43:03","modified_gmt":"2025-11-27T07:43:03","slug":"kabine-paerer-med-fjedre-3w","status":"publish","type":"product","link":"https:\/\/ditled.dk\/index.php\/product\/kabine-paerer-med-fjedre-3w\/","title":{"rendered":"Kabine p\u00e6rer med fjedre 3W"},"content":{"rendered":"<p>Tekniske specifikationer:<\/p>\n<p>LED: 12 2835SMD<br \/>\nWatt: 3W<br \/>\nSp\u00e6nding: DC 12V<br \/>\nLummen: 270-300LM<br \/>\nLysvinkel: 120<b>\u00b0<\/b><br \/>\nLampens st\u00f8rrelse: \u00d870x12mm<br \/>\nMateriale: Aluminium og PC cover.<\/p>\n<p>Se m\u00e5lene p\u00e5 lampen her:<\/p>\n<p><a href=\"https:\/\/jepotech.dk\/wp-content\/uploads\/2025\/07\/Billede2.png\"><img fetchpriority=\"high\" decoding=\"async\" class=\"alignnone wp-image-9526 size-full\" src=\"https:\/\/jepotech.dk\/wp-content\/uploads\/2025\/07\/Billede2.png\" alt=\"\" width=\"1609\" height=\"571\" \/><\/a><\/p>\n<p><a href=\"https:\/\/jepotech.dk\/wp-content\/uploads\/2025\/07\/Billede1.png\"><img decoding=\"async\" class=\"alignnone wp-image-9527 size-full\" src=\"https:\/\/jepotech.dk\/wp-content\/uploads\/2025\/07\/Billede1.png\" alt=\"\" width=\"1329\" height=\"1137\" \/><\/a><\/p>\n<p>&nbsp;<\/p>\n","protected":false},"excerpt":{"rendered":"<p>Tekniske specifikationer: LED: 12 2835SMD Watt: 3W Sp\u00e6nding: DC 12V Lummen: 270-300LM Lysvinkel: 120\u00b0 Lampens st\u00f8rrelse: \u00d870x12mm Materiale: Aluminium og PC cover. Se m\u00e5lene p\u00e5&#8230;<\/p>\n","protected":false},"featured_media":5061,"template":"","meta":[],"etheme_brands":[],"product_brand":[],"product_cat":[191,224],"product_tag":[],"class_list":{"0":"post-5701","1":"product","2":"type-product","3":"status-publish","4":"has-post-thumbnail","6":"product_cat-led-belysning","7":"product_cat-led-lamper","9":"first","10":"instock","11":"taxable","12":"shipping-taxable","13":"purchasable","14":"product-type-simple"},"_links":{"self":[{"href":"https:\/\/ditled.dk\/index.php\/wp-json\/wp\/v2\/product\/5701","targetHints":{"allow":["GET"]}}],"collection":[{"href":"https:\/\/ditled.dk\/index.php\/wp-json\/wp\/v2\/product"}],"about":[{"href":"https:\/\/ditled.dk\/index.php\/wp-json\/wp\/v2\/types\/product"}],"version-history":[{"count":1,"href":"https:\/\/ditled.dk\/index.php\/wp-json\/wp\/v2\/product\/5701\/revisions"}],"predecessor-version":[{"id":5710,"href":"https:\/\/ditled.dk\/index.php\/wp-json\/wp\/v2\/product\/5701\/revisions\/5710"}],"wp:featuredmedia":[{"embeddable":true,"href":"https:\/\/ditled.dk\/index.php\/wp-json\/wp\/v2\/media\/5061"}],"wp:attachment":[{"href":"https:\/\/ditled.dk\/index.php\/wp-json\/wp\/v2\/media?parent=5701"}],"wp:term":[{"taxonomy":"brand","embeddable":true,"href":"https:\/\/ditled.dk\/index.php\/wp-json\/wp\/v2\/etheme_brands?post=5701"},{"taxonomy":"product_brand","embeddable":true,"href":"https:\/\/ditled.dk\/index.php\/wp-json\/wp\/v2\/product_brand?post=5701"},{"taxonomy":"product_cat","embeddable":true,"href":"https:\/\/ditled.dk\/index.php\/wp-json\/wp\/v2\/product_cat?post=5701"},{"taxonomy":"product_tag","embeddable":true,"href":"https:\/\/ditled.dk\/index.php\/wp-json\/wp\/v2\/product_tag?post=5701"}],"curies":[{"name":"wp","href":"https:\/\/api.w.org\/{rel}","templated":true}]}}